{"id":111,"date":"2025-02-14T19:36:30","date_gmt":"2025-02-14T19:36:30","guid":{"rendered":"https:\/\/zacisze.somnambuliczne.pl\/?page_id=111"},"modified":"2025-02-17T13:52:32","modified_gmt":"2025-02-17T13:52:32","slug":"projekt","status":"publish","type":"page","link":"https:\/\/zacisze.somnambuliczne.pl\/index.php\/projekt\/","title":{"rendered":"PROJEKT"},"content":{"rendered":"\n<p class=\"has-medium-font-size\">Mam na imi\u0119 Matea. Wyklu\u0142am si\u0119 ze \u015bwiata jako najm\u0142odsza spo\u015br\u00f3d dwudziestki dw\u00f3jki rodze\u0144stwa. Odk\u0105d pami\u0119tam, moim najwi\u0119kszym przyjacielem jest las \u2013 ten, kt\u00f3ry ro\u015bnie ko\u0142o mojego domu i ten, kt\u00f3ry ro\u015bnie we mnie. Lubi\u0119 rosn\u0105\u0107 wraz z nim. Lubi\u0119 po nim spacerowa\u0107 i odkrywa\u0107 jego tajemnice, kt\u00f3rymi si\u0119 ze mn\u0105 dzieli. Jedn\u0105 z tych tajemnic jest g\u0142\u0119boko ukryte jezioro, do kt\u00f3rego drog\u0119 znaj\u0105 tylko niekt\u00f3re zwierz\u0119ta i ro\u015bliny. Czasami chodz\u0119 tam, \u017ceby pop\u0142ywa\u0107. Pewnego razu zanurkowa\u0142am w jego oczyszczaj\u0105cych wodach, odkrywaj\u0105c kolejn\u0105 tajemnic\u0119 \u2013 drzwi prowadz\u0105ce jeszcze g\u0142\u0119biej do samego serca wszystkiego, co w tym lesie \u017cyje. Za tymi drzwiami znajduje si\u0119 niesko\u0144czony ocean ca\u0142ego stworzenia. To st\u0105d wyp\u0142ywa wszystko, co istnia\u0142o, co istnieje i co b\u0119dzie istnie\u0107.<br><br>Jednak odnalezienie tych ukrytych drzwi to nie jedyna przeszkoda. Trzeba jeszcze mie\u0107 pasuj\u0105cy klucz. Czym on jest? Gdzie go znale\u017a\u0107? To trzeci wielki sekret lasu. Odkrycie go zaj\u0119\u0142o mi mn\u00f3stwo czasu. Pocz\u0105tkowo pr\u00f3bowa\u0142am szuka\u0107 wsz\u0119dzie \u2013 pod kamieniami, w norkach, w drzewach. Z czasem odpu\u015bci\u0142am. Usiad\u0142am nad brzegiem jeziora i po prostu patrzy\u0142am przed siebie, oddychaj\u0105c. Wdech, wydech, wdech, wydech. Uwolni\u0142am si\u0119 od swoich zmartwie\u0144, w tym od potrzeby znalezienia klucza. Moje my\u015bli ust\u0105pi\u0142y, umys\u0142 sta\u0142 si\u0119 czysty, jak woda w jeziorze. Wtedy dostrzeg\u0142am b\u0142yszcz\u0105cy klucz le\u017c\u0105cy obok mnie, odbijaj\u0105cy z\u0142ociste promienie s\u0142o\u0144ca. W ten spos\u00f3b dosta\u0142am jedn\u0105 z najwa\u017cniejszych lekcji od mojego przyjaciela. Las ro\u015bnie w ciszy, wi\u0119c w ciszy powinni\u015bmy go odkrywa\u0107.<br><br>Klucz idealnie pasowa\u0142 do zamka w drzwiach\u2026 [\u2026]<\/p>\n\n\n\n<figure class=\"wp-block-gallery has-nested-images columns-default is-cropped wp-block-gallery-1 is-layout-flex wp-block-gallery-is-layout-flex\">\n<figure class=\"wp-block-image size-large\"><a href=\"https:\/\/zacisze.somnambuliczne.pl\/wp-content\/uploads\/2025\/02\/1.jpg\" target=\"_blank\" rel=\" noreferrer noopener\"><img loading=\"lazy\" decoding=\"async\" width=\"1024\" height=\"683\" data-id=\"150\" src=\"https:\/\/zacisze.somnambuliczne.pl\/wp-content\/uploads\/2025\/02\/1-1024x683.jpg\" alt=\"\" class=\"wp-image-150\" srcset=\"https:\/\/zacisze.somnambuliczne.pl\/wp-content\/uploads\/2025\/02\/1-1024x683.jpg 1024w, https:\/\/zacisze.somnambuliczne.pl\/wp-content\/uploads\/2025\/02\/1-300x200.jpg 300w, https:\/\/zacisze.somnambuliczne.pl\/wp-content\/uploads\/2025\/02\/1-768x512.jpg 768w, https:\/\/zacisze.somnambuliczne.pl\/wp-content\/uploads\/2025\/02\/1-1536x1024.jpg 1536w, https:\/\/zacisze.somnambuliczne.pl\/wp-content\/uploads\/2025\/02\/1.jpg 2048w\" sizes=\"auto, (max-width: 1024px) 100vw, 1024px\" \/><\/a><\/figure>\n\n\n\n<figure class=\"wp-block-image size-large\"><a href=\"https:\/\/zacisze.somnambuliczne.pl\/wp-content\/uploads\/2025\/02\/2-2.jpg\" target=\"_blank\" rel=\" noreferrer noopener\"><img loading=\"lazy\" decoding=\"async\" width=\"1024\" height=\"683\" data-id=\"242\" src=\"https:\/\/zacisze.somnambuliczne.pl\/wp-content\/uploads\/2025\/02\/2-2-1024x683.jpg\" alt=\"\" class=\"wp-image-242\" srcset=\"https:\/\/zacisze.somnambuliczne.pl\/wp-content\/uploads\/2025\/02\/2-2-1024x683.jpg 1024w, https:\/\/zacisze.somnambuliczne.pl\/wp-content\/uploads\/2025\/02\/2-2-300x200.jpg 300w, https:\/\/zacisze.somnambuliczne.pl\/wp-content\/uploads\/2025\/02\/2-2-768x512.jpg 768w, https:\/\/zacisze.somnambuliczne.pl\/wp-content\/uploads\/2025\/02\/2-2-1536x1024.jpg 1536w, https:\/\/zacisze.somnambuliczne.pl\/wp-content\/uploads\/2025\/02\/2-2.jpg 2048w\" sizes=\"auto, (max-width: 1024px) 100vw, 1024px\" \/><\/a><\/figure>\n\n\n\n<figure class=\"wp-block-image size-large\"><a href=\"https:\/\/zacisze.somnambuliczne.pl\/wp-content\/uploads\/2025\/02\/3.jpg\" target=\"_blank\" rel=\" noreferrer noopener\"><img loading=\"lazy\" decoding=\"async\" width=\"2048\" height=\"1365\" data-id=\"153\" src=\"https:\/\/zacisze.somnambuliczne.pl\/wp-content\/uploads\/2025\/02\/3-1024x683.jpg\" alt=\"\" class=\"wp-image-153\" srcset=\"https:\/\/zacisze.somnambuliczne.pl\/wp-content\/uploads\/2025\/02\/3-1024x683.jpg 1024w, https:\/\/zacisze.somnambuliczne.pl\/wp-content\/uploads\/2025\/02\/3-300x200.jpg 300w, https:\/\/zacisze.somnambuliczne.pl\/wp-content\/uploads\/2025\/02\/3-768x512.jpg 768w, https:\/\/zacisze.somnambuliczne.pl\/wp-content\/uploads\/2025\/02\/3-1536x1024.jpg 1536w, https:\/\/zacisze.somnambuliczne.pl\/wp-content\/uploads\/2025\/02\/3.jpg 2048w\" sizes=\"auto, (max-width: 2048px) 100vw, 2048px\" \/><\/a><\/figure>\n\n\n\n<figure class=\"wp-block-image size-large\"><a href=\"https:\/\/zacisze.somnambuliczne.pl\/wp-content\/uploads\/2025\/02\/4.jpg\" target=\"_blank\" rel=\" noreferrer noopener\"><img loading=\"lazy\" decoding=\"async\" width=\"1024\" height=\"683\" data-id=\"141\" src=\"https:\/\/zacisze.somnambuliczne.pl\/wp-content\/uploads\/2025\/02\/4-1024x683.jpg\" alt=\"\" class=\"wp-image-141\" srcset=\"https:\/\/zacisze.somnambuliczne.pl\/wp-content\/uploads\/2025\/02\/4-1024x683.jpg 1024w, https:\/\/zacisze.somnambuliczne.pl\/wp-content\/uploads\/2025\/02\/4-300x200.jpg 300w, https:\/\/zacisze.somnambuliczne.pl\/wp-content\/uploads\/2025\/02\/4-768x512.jpg 768w, https:\/\/zacisze.somnambuliczne.pl\/wp-content\/uploads\/2025\/02\/4-1536x1024.jpg 1536w, https:\/\/zacisze.somnambuliczne.pl\/wp-content\/uploads\/2025\/02\/4.jpg 2048w\" sizes=\"auto, (max-width: 1024px) 100vw, 1024px\" \/><\/a><\/figure>\n\n\n\n<figure class=\"wp-block-image size-large\"><a href=\"https:\/\/zacisze.somnambuliczne.pl\/wp-content\/uploads\/2025\/02\/5.jpg\" target=\"_blank\" rel=\" noreferrer noopener\"><img loading=\"lazy\" decoding=\"async\" width=\"1024\" height=\"683\" data-id=\"139\" src=\"https:\/\/zacisze.somnambuliczne.pl\/wp-content\/uploads\/2025\/02\/5-1024x683.jpg\" alt=\"\" class=\"wp-image-139\" srcset=\"https:\/\/zacisze.somnambuliczne.pl\/wp-content\/uploads\/2025\/02\/5-1024x683.jpg 1024w, https:\/\/zacisze.somnambuliczne.pl\/wp-content\/uploads\/2025\/02\/5-300x200.jpg 300w, https:\/\/zacisze.somnambuliczne.pl\/wp-content\/uploads\/2025\/02\/5-768x512.jpg 768w, https:\/\/zacisze.somnambuliczne.pl\/wp-content\/uploads\/2025\/02\/5-1536x1024.jpg 1536w, https:\/\/zacisze.somnambuliczne.pl\/wp-content\/uploads\/2025\/02\/5.jpg 2048w\" sizes=\"auto, (max-width: 1024px) 100vw, 1024px\" \/><\/a><\/figure>\n\n\n\n<figure class=\"wp-block-image size-large\"><a href=\"https:\/\/zacisze.somnambuliczne.pl\/wp-content\/uploads\/2025\/02\/6.jpg\" target=\"_blank\" rel=\" noreferrer noopener\"><img loading=\"lazy\" decoding=\"async\" width=\"1024\" height=\"683\" data-id=\"133\" src=\"https:\/\/zacisze.somnambuliczne.pl\/wp-content\/uploads\/2025\/02\/6-1024x683.jpg\" alt=\"\" class=\"wp-image-133\" srcset=\"https:\/\/zacisze.somnambuliczne.pl\/wp-content\/uploads\/2025\/02\/6-1024x683.jpg 1024w, https:\/\/zacisze.somnambuliczne.pl\/wp-content\/uploads\/2025\/02\/6-300x200.jpg 300w, https:\/\/zacisze.somnambuliczne.pl\/wp-content\/uploads\/2025\/02\/6-768x512.jpg 768w, https:\/\/zacisze.somnambuliczne.pl\/wp-content\/uploads\/2025\/02\/6-1536x1024.jpg 1536w, https:\/\/zacisze.somnambuliczne.pl\/wp-content\/uploads\/2025\/02\/6.jpg 2048w\" sizes=\"auto, (max-width: 1024px) 100vw, 1024px\" \/><\/a><\/figure>\n\n\n\n<figure class=\"wp-block-image size-large\"><a href=\"https:\/\/zacisze.somnambuliczne.pl\/wp-content\/uploads\/2025\/02\/7.jpg\" target=\"_blank\" rel=\" noreferrer noopener\"><img loading=\"lazy\" decoding=\"async\" width=\"1024\" height=\"683\" data-id=\"138\" src=\"https:\/\/zacisze.somnambuliczne.pl\/wp-content\/uploads\/2025\/02\/7-1024x683.jpg\" alt=\"\" class=\"wp-image-138\" srcset=\"https:\/\/zacisze.somnambuliczne.pl\/wp-content\/uploads\/2025\/02\/7-1024x683.jpg 1024w, https:\/\/zacisze.somnambuliczne.pl\/wp-content\/uploads\/2025\/02\/7-300x200.jpg 300w, https:\/\/zacisze.somnambuliczne.pl\/wp-content\/uploads\/2025\/02\/7-768x512.jpg 768w, https:\/\/zacisze.somnambuliczne.pl\/wp-content\/uploads\/2025\/02\/7-1536x1024.jpg 1536w, https:\/\/zacisze.somnambuliczne.pl\/wp-content\/uploads\/2025\/02\/7.jpg 2048w\" sizes=\"auto, (max-width: 1024px) 100vw, 1024px\" \/><\/a><\/figure>\n\n\n\n<figure class=\"wp-block-image size-large\"><a href=\"https:\/\/zacisze.somnambuliczne.pl\/wp-content\/uploads\/2025\/02\/8.jpg\" target=\"_blank\" rel=\" noreferrer noopener\"><img loading=\"lazy\" decoding=\"async\" width=\"1024\" height=\"683\" data-id=\"140\" src=\"https:\/\/zacisze.somnambuliczne.pl\/wp-content\/uploads\/2025\/02\/8-1024x683.jpg\" alt=\"\" class=\"wp-image-140\" srcset=\"https:\/\/zacisze.somnambuliczne.pl\/wp-content\/uploads\/2025\/02\/8-1024x683.jpg 1024w, https:\/\/zacisze.somnambuliczne.pl\/wp-content\/uploads\/2025\/02\/8-300x200.jpg 300w, https:\/\/zacisze.somnambuliczne.pl\/wp-content\/uploads\/2025\/02\/8-768x512.jpg 768w, https:\/\/zacisze.somnambuliczne.pl\/wp-content\/uploads\/2025\/02\/8-1536x1024.jpg 1536w, https:\/\/zacisze.somnambuliczne.pl\/wp-content\/uploads\/2025\/02\/8.jpg 2048w\" sizes=\"auto, (max-width: 1024px) 100vw, 1024px\" \/><\/a><\/figure>\n\n\n\n<figure class=\"wp-block-image size-large\"><a href=\"https:\/\/zacisze.somnambuliczne.pl\/wp-content\/uploads\/2025\/02\/9.jpg\" target=\"_blank\" rel=\" noreferrer noopener\"><img loading=\"lazy\" decoding=\"async\" width=\"1024\" height=\"683\" data-id=\"147\" src=\"https:\/\/zacisze.somnambuliczne.pl\/wp-content\/uploads\/2025\/02\/9-1024x683.jpg\" alt=\"\" class=\"wp-image-147\" srcset=\"https:\/\/zacisze.somnambuliczne.pl\/wp-content\/uploads\/2025\/02\/9-1024x683.jpg 1024w, https:\/\/zacisze.somnambuliczne.pl\/wp-content\/uploads\/2025\/02\/9-300x200.jpg 300w, https:\/\/zacisze.somnambuliczne.pl\/wp-content\/uploads\/2025\/02\/9-768x512.jpg 768w, https:\/\/zacisze.somnambuliczne.pl\/wp-content\/uploads\/2025\/02\/9-1536x1024.jpg 1536w, https:\/\/zacisze.somnambuliczne.pl\/wp-content\/uploads\/2025\/02\/9.jpg 2048w\" sizes=\"auto, (max-width: 1024px) 100vw, 1024px\" \/><\/a><\/figure>\n\n\n\n<figure class=\"wp-block-image size-large\"><a href=\"https:\/\/zacisze.somnambuliczne.pl\/wp-content\/uploads\/2025\/02\/10.jpg\" target=\"_blank\" rel=\" noreferrer noopener\"><img loading=\"lazy\" decoding=\"async\" width=\"1024\" height=\"683\" data-id=\"148\" src=\"https:\/\/zacisze.somnambuliczne.pl\/wp-content\/uploads\/2025\/02\/10-1024x683.jpg\" alt=\"\" class=\"wp-image-148\" srcset=\"https:\/\/zacisze.somnambuliczne.pl\/wp-content\/uploads\/2025\/02\/10-1024x683.jpg 1024w, https:\/\/zacisze.somnambuliczne.pl\/wp-content\/uploads\/2025\/02\/10-300x200.jpg 300w, https:\/\/zacisze.somnambuliczne.pl\/wp-content\/uploads\/2025\/02\/10-768x512.jpg 768w, https:\/\/zacisze.somnambuliczne.pl\/wp-content\/uploads\/2025\/02\/10-1536x1024.jpg 1536w, https:\/\/zacisze.somnambuliczne.pl\/wp-content\/uploads\/2025\/02\/10.jpg 2048w\" sizes=\"auto, (max-width: 1024px) 100vw, 1024px\" \/><\/a><\/figure>\n\n\n\n<figure class=\"wp-block-image size-large\"><a href=\"https:\/\/zacisze.somnambuliczne.pl\/wp-content\/uploads\/2025\/02\/11.jpg\" target=\"_blank\" rel=\" noreferrer noopener\"><img loading=\"lazy\" decoding=\"async\" width=\"1024\" height=\"683\" data-id=\"152\" src=\"https:\/\/zacisze.somnambuliczne.pl\/wp-content\/uploads\/2025\/02\/11-1024x683.jpg\" alt=\"\" class=\"wp-image-152\" srcset=\"https:\/\/zacisze.somnambuliczne.pl\/wp-content\/uploads\/2025\/02\/11-1024x683.jpg 1024w, https:\/\/zacisze.somnambuliczne.pl\/wp-content\/uploads\/2025\/02\/11-300x200.jpg 300w, https:\/\/zacisze.somnambuliczne.pl\/wp-content\/uploads\/2025\/02\/11-768x512.jpg 768w, https:\/\/zacisze.somnambuliczne.pl\/wp-content\/uploads\/2025\/02\/11-1536x1024.jpg 1536w, https:\/\/zacisze.somnambuliczne.pl\/wp-content\/uploads\/2025\/02\/11.jpg 2048w\" sizes=\"auto, (max-width: 1024px) 100vw, 1024px\" \/><\/a><\/figure>\n\n\n\n<figure class=\"wp-block-image size-large\"><a href=\"https:\/\/zacisze.somnambuliczne.pl\/wp-content\/uploads\/2025\/02\/12-2.jpg\"><img loading=\"lazy\" decoding=\"async\" width=\"1024\" height=\"683\" data-id=\"241\" src=\"https:\/\/zacisze.somnambuliczne.pl\/wp-content\/uploads\/2025\/02\/12-2-1024x683.jpg\" alt=\"\" class=\"wp-image-241\" srcset=\"https:\/\/zacisze.somnambuliczne.pl\/wp-content\/uploads\/2025\/02\/12-2-1024x683.jpg 1024w, https:\/\/zacisze.somnambuliczne.pl\/wp-content\/uploads\/2025\/02\/12-2-300x200.jpg 300w, https:\/\/zacisze.somnambuliczne.pl\/wp-content\/uploads\/2025\/02\/12-2-768x512.jpg 768w, https:\/\/zacisze.somnambuliczne.pl\/wp-content\/uploads\/2025\/02\/12-2-1536x1024.jpg 1536w, https:\/\/zacisze.somnambuliczne.pl\/wp-content\/uploads\/2025\/02\/12-2.jpg 2048w\" sizes=\"auto, (max-width: 1024px) 100vw, 1024px\" \/><\/a><\/figure>\n\n\n\n<figure class=\"wp-block-image size-large\"><a href=\"https:\/\/zacisze.somnambuliczne.pl\/wp-content\/uploads\/2025\/02\/13.jpg\" target=\"_blank\" rel=\" noreferrer noopener\"><img loading=\"lazy\" decoding=\"async\" width=\"1024\" height=\"683\" data-id=\"142\" src=\"https:\/\/zacisze.somnambuliczne.pl\/wp-content\/uploads\/2025\/02\/13-1024x683.jpg\" alt=\"\" class=\"wp-image-142\" srcset=\"https:\/\/zacisze.somnambuliczne.pl\/wp-content\/uploads\/2025\/02\/13-1024x683.jpg 1024w, https:\/\/zacisze.somnambuliczne.pl\/wp-content\/uploads\/2025\/02\/13-300x200.jpg 300w, https:\/\/zacisze.somnambuliczne.pl\/wp-content\/uploads\/2025\/02\/13-768x512.jpg 768w, https:\/\/zacisze.somnambuliczne.pl\/wp-content\/uploads\/2025\/02\/13-1536x1024.jpg 1536w, https:\/\/zacisze.somnambuliczne.pl\/wp-content\/uploads\/2025\/02\/13.jpg 2048w\" sizes=\"auto, (max-width: 1024px) 100vw, 1024px\" \/><\/a><\/figure>\n\n\n\n<figure class=\"wp-block-image size-large\"><a href=\"https:\/\/zacisze.somnambuliczne.pl\/wp-content\/uploads\/2025\/02\/14.jpg\" target=\"_blank\" rel=\" noreferrer noopener\"><img loading=\"lazy\" decoding=\"async\" width=\"1024\" height=\"683\" data-id=\"149\" src=\"https:\/\/zacisze.somnambuliczne.pl\/wp-content\/uploads\/2025\/02\/14-1024x683.jpg\" alt=\"\" class=\"wp-image-149\" srcset=\"https:\/\/zacisze.somnambuliczne.pl\/wp-content\/uploads\/2025\/02\/14-1024x683.jpg 1024w, https:\/\/zacisze.somnambuliczne.pl\/wp-content\/uploads\/2025\/02\/14-300x200.jpg 300w, https:\/\/zacisze.somnambuliczne.pl\/wp-content\/uploads\/2025\/02\/14-768x512.jpg 768w, https:\/\/zacisze.somnambuliczne.pl\/wp-content\/uploads\/2025\/02\/14-1536x1024.jpg 1536w, https:\/\/zacisze.somnambuliczne.pl\/wp-content\/uploads\/2025\/02\/14.jpg 2048w\" sizes=\"auto, (max-width: 1024px) 100vw, 1024px\" \/><\/a><\/figure>\n\n\n\n<figure class=\"wp-block-image size-large\"><a href=\"https:\/\/zacisze.somnambuliczne.pl\/wp-content\/uploads\/2025\/02\/15.jpg\" target=\"_blank\" rel=\" noreferrer noopener\"><img loading=\"lazy\" decoding=\"async\" width=\"1024\" height=\"683\" data-id=\"144\" src=\"https:\/\/zacisze.somnambuliczne.pl\/wp-content\/uploads\/2025\/02\/15-1024x683.jpg\" alt=\"\" class=\"wp-image-144\" srcset=\"https:\/\/zacisze.somnambuliczne.pl\/wp-content\/uploads\/2025\/02\/15-1024x683.jpg 1024w, https:\/\/zacisze.somnambuliczne.pl\/wp-content\/uploads\/2025\/02\/15-300x200.jpg 300w, https:\/\/zacisze.somnambuliczne.pl\/wp-content\/uploads\/2025\/02\/15-768x512.jpg 768w, https:\/\/zacisze.somnambuliczne.pl\/wp-content\/uploads\/2025\/02\/15-1536x1024.jpg 1536w, https:\/\/zacisze.somnambuliczne.pl\/wp-content\/uploads\/2025\/02\/15.jpg 2048w\" sizes=\"auto, (max-width: 1024px) 100vw, 1024px\" \/><\/a><\/figure>\n\n\n\n<figure class=\"wp-block-image size-large\"><a href=\"https:\/\/zacisze.somnambuliczne.pl\/wp-content\/uploads\/2025\/02\/16.jpg\" target=\"_blank\" rel=\" noreferrer noopener\"><img loading=\"lazy\" decoding=\"async\" width=\"1024\" height=\"683\" data-id=\"143\" src=\"https:\/\/zacisze.somnambuliczne.pl\/wp-content\/uploads\/2025\/02\/16-1024x683.jpg\" alt=\"\" class=\"wp-image-143\" srcset=\"https:\/\/zacisze.somnambuliczne.pl\/wp-content\/uploads\/2025\/02\/16-1024x683.jpg 1024w, https:\/\/zacisze.somnambuliczne.pl\/wp-content\/uploads\/2025\/02\/16-300x200.jpg 300w, https:\/\/zacisze.somnambuliczne.pl\/wp-content\/uploads\/2025\/02\/16-768x512.jpg 768w, https:\/\/zacisze.somnambuliczne.pl\/wp-content\/uploads\/2025\/02\/16-1536x1024.jpg 1536w, https:\/\/zacisze.somnambuliczne.pl\/wp-content\/uploads\/2025\/02\/16.jpg 2048w\" sizes=\"auto, (max-width: 1024px) 100vw, 1024px\" \/><\/a><\/figure>\n\n\n\n<figure class=\"wp-block-image size-large\"><a href=\"https:\/\/zacisze.somnambuliczne.pl\/wp-content\/uploads\/2025\/02\/17.jpg\" target=\"_blank\" rel=\" noreferrer noopener\"><img loading=\"lazy\" decoding=\"async\" width=\"1024\" height=\"683\" data-id=\"151\" src=\"https:\/\/zacisze.somnambuliczne.pl\/wp-content\/uploads\/2025\/02\/17-1024x683.jpg\" alt=\"\" class=\"wp-image-151\" srcset=\"https:\/\/zacisze.somnambuliczne.pl\/wp-content\/uploads\/2025\/02\/17-1024x683.jpg 1024w, https:\/\/zacisze.somnambuliczne.pl\/wp-content\/uploads\/2025\/02\/17-300x200.jpg 300w, https:\/\/zacisze.somnambuliczne.pl\/wp-content\/uploads\/2025\/02\/17-768x512.jpg 768w, https:\/\/zacisze.somnambuliczne.pl\/wp-content\/uploads\/2025\/02\/17-1536x1024.jpg 1536w, https:\/\/zacisze.somnambuliczne.pl\/wp-content\/uploads\/2025\/02\/17.jpg 2048w\" sizes=\"auto, (max-width: 1024px) 100vw, 1024px\" \/><\/a><\/figure>\n\n\n\n<figure class=\"wp-block-image size-large\"><a href=\"https:\/\/zacisze.somnambuliczne.pl\/wp-content\/uploads\/2025\/02\/18.jpg\" target=\"_blank\" rel=\" noreferrer noopener\"><img loading=\"lazy\" decoding=\"async\" width=\"1024\" height=\"683\" data-id=\"146\" src=\"https:\/\/zacisze.somnambuliczne.pl\/wp-content\/uploads\/2025\/02\/18-1024x683.jpg\" alt=\"\" class=\"wp-image-146\" srcset=\"https:\/\/zacisze.somnambuliczne.pl\/wp-content\/uploads\/2025\/02\/18-1024x683.jpg 1024w, https:\/\/zacisze.somnambuliczne.pl\/wp-content\/uploads\/2025\/02\/18-300x200.jpg 300w, https:\/\/zacisze.somnambuliczne.pl\/wp-content\/uploads\/2025\/02\/18-768x512.jpg 768w, https:\/\/zacisze.somnambuliczne.pl\/wp-content\/uploads\/2025\/02\/18-1536x1024.jpg 1536w, https:\/\/zacisze.somnambuliczne.pl\/wp-content\/uploads\/2025\/02\/18.jpg 2048w\" sizes=\"auto, (max-width: 1024px) 100vw, 1024px\" \/><\/a><\/figure>\n\n\n\n<figure class=\"wp-block-image size-large\"><a href=\"https:\/\/zacisze.somnambuliczne.pl\/wp-content\/uploads\/2025\/02\/19-2.jpg\" target=\"_blank\" rel=\" noreferrer noopener\"><img loading=\"lazy\" decoding=\"async\" width=\"1024\" height=\"683\" data-id=\"240\" src=\"https:\/\/zacisze.somnambuliczne.pl\/wp-content\/uploads\/2025\/02\/19-2-1024x683.jpg\" alt=\"\" class=\"wp-image-240\" srcset=\"https:\/\/zacisze.somnambuliczne.pl\/wp-content\/uploads\/2025\/02\/19-2-1024x683.jpg 1024w, https:\/\/zacisze.somnambuliczne.pl\/wp-content\/uploads\/2025\/02\/19-2-300x200.jpg 300w, https:\/\/zacisze.somnambuliczne.pl\/wp-content\/uploads\/2025\/02\/19-2-768x512.jpg 768w, https:\/\/zacisze.somnambuliczne.pl\/wp-content\/uploads\/2025\/02\/19-2-1536x1024.jpg 1536w, https:\/\/zacisze.somnambuliczne.pl\/wp-content\/uploads\/2025\/02\/19-2.jpg 2048w\" sizes=\"auto, (max-width: 1024px) 100vw, 1024px\" \/><\/a><\/figure>\n\n\n\n<figure class=\"wp-block-image size-large\"><a href=\"https:\/\/zacisze.somnambuliczne.pl\/wp-content\/uploads\/2025\/02\/20.jpg\" target=\"_blank\" rel=\" noreferrer noopener\"><img loading=\"lazy\" decoding=\"async\" width=\"1024\" height=\"683\" data-id=\"145\" src=\"https:\/\/zacisze.somnambuliczne.pl\/wp-content\/uploads\/2025\/02\/20-1024x683.jpg\" alt=\"\" class=\"wp-image-145\" srcset=\"https:\/\/zacisze.somnambuliczne.pl\/wp-content\/uploads\/2025\/02\/20-1024x683.jpg 1024w, https:\/\/zacisze.somnambuliczne.pl\/wp-content\/uploads\/2025\/02\/20-300x200.jpg 300w, https:\/\/zacisze.somnambuliczne.pl\/wp-content\/uploads\/2025\/02\/20-768x512.jpg 768w, https:\/\/zacisze.somnambuliczne.pl\/wp-content\/uploads\/2025\/02\/20-1536x1024.jpg 1536w, https:\/\/zacisze.somnambuliczne.pl\/wp-content\/uploads\/2025\/02\/20.jpg 2048w\" sizes=\"auto, (max-width: 1024px) 100vw, 1024px\" \/><\/a><\/figure>\n\n\n\n<figure class=\"wp-block-image size-large\"><a href=\"https:\/\/zacisze.somnambuliczne.pl\/wp-content\/uploads\/2025\/02\/21.jpg\" target=\"_blank\" rel=\" noreferrer noopener\"><img loading=\"lazy\" decoding=\"async\" width=\"1024\" height=\"683\" data-id=\"134\" src=\"https:\/\/zacisze.somnambuliczne.pl\/wp-content\/uploads\/2025\/02\/21-1024x683.jpg\" alt=\"\" class=\"wp-image-134\" srcset=\"https:\/\/zacisze.somnambuliczne.pl\/wp-content\/uploads\/2025\/02\/21-1024x683.jpg 1024w, https:\/\/zacisze.somnambuliczne.pl\/wp-content\/uploads\/2025\/02\/21-300x200.jpg 300w, https:\/\/zacisze.somnambuliczne.pl\/wp-content\/uploads\/2025\/02\/21-768x512.jpg 768w, https:\/\/zacisze.somnambuliczne.pl\/wp-content\/uploads\/2025\/02\/21-1536x1024.jpg 1536w, https:\/\/zacisze.somnambuliczne.pl\/wp-content\/uploads\/2025\/02\/21.jpg 2048w\" sizes=\"auto, (max-width: 1024px) 100vw, 1024px\" \/><\/a><\/figure>\n<\/figure>\n\n\n\n<p><\/p>\n","protected":false},"excerpt":{"rendered":"<p>Mam na imi\u0119 Matea. Wyklu\u0142am si\u0119 ze \u015bwiata jako najm\u0142odsza spo\u015br\u00f3d dwudziestki dw\u00f3jki rodze\u0144stwa. Odk\u0105d pami\u0119tam, moim najwi\u0119kszym przyjacielem jest las \u2013 ten, kt\u00f3ry ro\u015bnie&hellip; <\/p>\n","protected":false},"author":1,"featured_media":0,"parent":0,"menu_order":0,"comment_status":"closed","ping_status":"closed","template":"","meta":{"footnotes":""},"class_list":["post-111","page","type-page","status-publish","hentry"],"_links":{"self":[{"href":"https:\/\/zacisze.somnambuliczne.pl\/index.php\/wp-json\/wp\/v2\/pages\/111","targetHints":{"allow":["GET"]}}],"collection":[{"href":"https:\/\/zacisze.somnambuliczne.pl\/index.php\/wp-json\/wp\/v2\/pages"}],"about":[{"href":"https:\/\/zacisze.somnambuliczne.pl\/index.php\/wp-json\/wp\/v2\/types\/page"}],"author":[{"embeddable":true,"href":"https:\/\/zacisze.somnambuliczne.pl\/index.php\/wp-json\/wp\/v2\/users\/1"}],"replies":[{"embeddable":true,"href":"https:\/\/zacisze.somnambuliczne.pl\/index.php\/wp-json\/wp\/v2\/comments?post=111"}],"version-history":[{"count":5,"href":"https:\/\/zacisze.somnambuliczne.pl\/index.php\/wp-json\/wp\/v2\/pages\/111\/revisions"}],"predecessor-version":[{"id":257,"href":"https:\/\/zacisze.somnambuliczne.pl\/index.php\/wp-json\/wp\/v2\/pages\/111\/revisions\/257"}],"wp:attachment":[{"href":"https:\/\/zacisze.somnambuliczne.pl\/index.php\/wp-json\/wp\/v2\/media?parent=111"}],"curies":[{"name":"wp","href":"https:\/\/api.w.org\/{rel}","templated":true}]}}