{"id":2,"date":"2024-12-04T08:24:30","date_gmt":"2024-12-04T08:24:30","guid":{"rendered":"http:\/\/instalatorwp671.dkonto.pl\/?page_id=2"},"modified":"2025-02-13T19:25:39","modified_gmt":"2025-02-13T19:25:39","slug":"sample-page","status":"publish","type":"page","link":"https:\/\/zacisze.somnambuliczne.pl\/","title":{"rendered":"ZACISZE &#8211; S\u0141UCHOWISKO FILMOWE"},"content":{"rendered":"\n<p class=\"has-text-align-left has-medium-font-size\">Wyruszam na spotkanie z nieznanym w poszukiwaniu Zacisza. Mitycznej krainy sk\u0105d, jak szepcz\u0105, wci\u0105\u017c rozbrzmiewa pie\u015b\u0144.<\/p>\n\n\n\n<p class=\"has-text-align-left has-medium-font-size\">O \u015bcie\u017cce bez szlaku \u015bpiewaj\u0105 w ciszy mieszka\u0144cy mijanych krain. Prowadz\u0105 przez przenikaj\u0105ce si\u0119 rytmy, wystukiwane na b\u0119bnie \u017cycia. Instrument ukryty w praoceanie wszelkiego stworzenia ujawnia si\u0119 tylko tym, kt\u00f3rzy uwa\u017cnie s\u0142uchaj\u0105.<\/p>\n\n\n\n<p class=\"has-text-align-left has-medium-font-size\">Polskie lasy czy chronione obszary natury na Borneo, bogactwo przyrody i jej d\u017awi\u0119k\u00f3w jest r\u00f3\u017cnorodne, ale ha\u0142as ten sam.<\/p>\n\n\n\n<p class=\"has-text-align-left has-medium-font-size\">Na ca\u0142ym \u015bwiecie tworzone s\u0105 tereny chronione, na kt\u00f3rych dba si\u0119 o czysto\u015b\u0107 i zachowanie naturalnych krajobraz\u00f3w. Jednak nawet na najbardziej strze\u017conych obszarach zapomina si\u0119 o zanieczyszczeniach, kt\u00f3rych nie wida\u0107. Bo pierwotny krajobraz to nie tylko to, co mo\u017cna zobaczy\u0107, ale r\u00f3wnie\u017c bogactwo d\u017awi\u0119k\u00f3w. Przyroda potrafi opowiada\u0107 najpi\u0119kniejsze historie, lecz nie jeste\u015bmy w stanie ich us\u0142ysze\u0107, je\u015bli nad nami lataj\u0105 samoloty, po rzece obok p\u0142ywaj\u0105 \u0142\u00f3dki z g\u0142o\u015bnymi silnikami spalinowymi transportuj\u0105cymi turyst\u00f3w, a na \u015bcie\u017cce mijaj\u0105 nas ludzie, kt\u00f3rzy zamiast czerpa\u0107 z uwag\u0105 z tego, co jest dooko\u0142a, pozostaj\u0105 nieobecni w swoich rozmowach, czy my\u015blach. Ha\u0142as to r\u00f3wnie\u017c \u015bmieci, kt\u00f3re za sob\u0105 zostawiamy.<\/p>\n\n\n\n<p class=\"has-text-align-left has-medium-font-size\">W \u201cZaciszu\u201d prezentujemy pejza\u017ce natury, jakie uda\u0142o si\u0119 zarejestrowa\u0107 na przestrzeni czterech lat podr\u00f3\u017cy i poszukiwa\u0144 w r\u00f3\u017cnych zak\u0105tkach \u015bwiata &#8211; by\u0142y nimi pobliskie lasy, tropikalne wyspy i oddalone od miast dzikie plenery Europy, Azji i Afryki.<br>Niestety, za poczt\u00f3wkowymi krajobrazami &#8222;ciszy&#8221; kryje si\u0119 zwykle ha\u0142as. Za minutowymi nagraniami, nierzadko godziny wyczekiwa\u0144, aby m\u00f3c w ko\u0144cu us\u0142ysze\u0107 czyst\u0105 przyrod\u0119. Projektem zrodzonym z mi\u0142o\u015bci do przebywania w\u015br\u00f3d natury i jej akustyczno-wizualnych krajobraz\u00f3w, chcieliby\u015bmy zaprosi\u0107 do wsp\u00f3lnego eksperymentu, zatrzymania w p\u0119dzie otaczaj\u0105cego \u015bwiata, by m\u00f3c na nowo odkry\u0107 niezwyk\u0142e mikro\u015bwiaty zwyczajnej codzienno\u015bci.<\/p>\n\n\n\n<figure class=\"wp-block-embed aligncenter is-type-video is-provider-vimeo wp-block-embed-vimeo wp-embed-aspect-16-9 wp-has-aspect-ratio\"><div class=\"wp-block-embed__wrapper\">\n<iframe loading=\"lazy\" title=\"Zacisze trailer\" src=\"https:\/\/player.vimeo.com\/video\/1038984160?dnt=1&amp;app_id=122963\" width=\"1778\" height=\"1000\" frameborder=\"0\" allow=\"autoplay; fullscreen; picture-in-picture; clipboard-write; encrypted-media\"><\/iframe>\n<\/div><\/figure>\n","protected":false},"excerpt":{"rendered":"<p>Wyruszam na spotkanie z nieznanym w poszukiwaniu Zacisza. Mitycznej krainy sk\u0105d, jak szepcz\u0105, wci\u0105\u017c rozbrzmiewa pie\u015b\u0144. O \u015bcie\u017cce bez szlaku \u015bpiewaj\u0105 w ciszy mieszka\u0144cy mijanych&hellip; <\/p>\n","protected":false},"author":1,"featured_media":0,"parent":0,"menu_order":0,"comment_status":"closed","ping_status":"open","template":"","meta":{"footnotes":""},"class_list":["post-2","page","type-page","status-publish","hentry"],"_links":{"self":[{"href":"https:\/\/zacisze.somnambuliczne.pl\/index.php\/wp-json\/wp\/v2\/pages\/2","targetHints":{"allow":["GET"]}}],"collection":[{"href":"https:\/\/zacisze.somnambuliczne.pl\/index.php\/wp-json\/wp\/v2\/pages"}],"about":[{"href":"https:\/\/zacisze.somnambuliczne.pl\/index.php\/wp-json\/wp\/v2\/types\/page"}],"author":[{"embeddable":true,"href":"https:\/\/zacisze.somnambuliczne.pl\/index.php\/wp-json\/wp\/v2\/users\/1"}],"replies":[{"embeddable":true,"href":"https:\/\/zacisze.somnambuliczne.pl\/index.php\/wp-json\/wp\/v2\/comments?post=2"}],"version-history":[{"count":12,"href":"https:\/\/zacisze.somnambuliczne.pl\/index.php\/wp-json\/wp\/v2\/pages\/2\/revisions"}],"predecessor-version":[{"id":63,"href":"https:\/\/zacisze.somnambuliczne.pl\/index.php\/wp-json\/wp\/v2\/pages\/2\/revisions\/63"}],"wp:attachment":[{"href":"https:\/\/zacisze.somnambuliczne.pl\/index.php\/wp-json\/wp\/v2\/media?parent=2"}],"curies":[{"name":"wp","href":"https:\/\/api.w.org\/{rel}","templated":true}]}}