{"id":61,"date":"2025-02-13T19:25:04","date_gmt":"2025-02-13T19:25:04","guid":{"rendered":"https:\/\/zacisze.somnambuliczne.pl\/?page_id=61"},"modified":"2025-02-13T20:00:18","modified_gmt":"2025-02-13T20:00:18","slug":"tworcy","status":"publish","type":"page","link":"https:\/\/zacisze.somnambuliczne.pl\/index.php\/tworcy\/","title":{"rendered":"TW\u00d3RCY"},"content":{"rendered":"\n<p class=\"has-medium-font-size\"><strong>Alicja Lilianna Szpila:<\/strong><br>Jestem fotografk\u0105, artystk\u0105 intermedialn\u0105, a tak\u017ce nauczycielk\u0105 i\u00a0terapeutk\u0105 jogi. Wsp\u00f3\u0142pracuj\u0119 przy licznych projektach muzycznych, tworz\u0105c oprawy graficzne, fotografie, animacje, wideo, czy\u00a0dokumentacje.<br><br>Odby\u0142am studia licencjackie z fotografii, na London College of\u00a0Communication, University of the Arts London, a obecnie realizuj\u0119 studia magisterskie w Pracowni Performance, ASP w Krakowie.<br><br>Uko\u0144czy\u0142am i wci\u0105\u017c pog\u0142\u0119biam \u015bwiadomo\u015b\u0107 pracy z cia\u0142em oraz umys\u0142em na wielowymiarowych kursach nauczycielskich z jogi i\u00a0terapii jog\u0105, a tak\u017ce kompozycji ruchu i ta\u0144ca terapeutycznego.<br><br>Czerpi\u0105c inspiracje z praktyk somatycznych i holistycznego\u00a0spojrzenia, w moich pracach eksploruj\u0119 to, co niepoznane. Odwiedzam nieokre\u015blone przestrzenie pomi\u0119dzy materi\u0105 organiczn\u0105 i syntetyczn\u0105; wyobra\u017ani\u0105, cia\u0142em i umys\u0142em; a tak\u017ce mi\u0119dzy\u00a0cz\u0142owiekiem i otoczeniem. Sw\u00f3j styl okre\u015blam jako <em>surorganiczny<\/em>.<br><br>Oficjalna strona: <a href=\"http:\/\/alicjalilianna.com\/\"><u><strong>https:\/\/alicjalilianna.com<\/strong><\/u><\/a><\/p>\n\n\n\n<p class=\"has-medium-font-size\"><br><\/p>\n\n\n\n<p><\/p>\n\n\n\n<p class=\"has-medium-font-size\"><strong>\u0141ukasz Poleszak:<\/strong><br>Niby cz\u0142owiek, ale troch\u0119 jakby wilk. Jestem niepoprawnym marzycielem, artyst\u0105 d\u017awi\u0119kowym i\u00a0producentem muzycznym. Autorem muzyki elektronicznej, filmowej oraz teatralnej. Organizatorem licznych imprez muzycznych i\u00a0festiwali, a tak\u017ce promotorem eksperymentalnej i alternatywnej\u00a0sceny klubowej.\u00a0<br><br>Na przestrzeni kilkunastu lat stworzy\u0142em w\u0142asny styl \u2013 \u0142\u0105cz\u0105c estetyk\u0119 mistycyzmu, cyberpunku i psychodelii \u2013 kt\u00f3ry okre\u015blam autorskim\u00a0terminem<em>\u00a0trippintronic<\/em>.<br><br>Jestem cz\u0142onkiem <em>Nagra\u0144 Somnambulicznych<\/em> oraz tw\u00f3rc\u0105\u00a0<em>Trippintronic Experience<\/em>.<br><br>Oficjalna strona: <a href=\"https:\/\/lukaszpoleszak.com\/\"><strong>https:\/\/lukaszpoleszak.com<\/strong><\/a><\/p>\n\n\n\n<p><\/p>\n","protected":false},"excerpt":{"rendered":"<p>Alicja Lilianna Szpila:Jestem fotografk\u0105, artystk\u0105 intermedialn\u0105, a tak\u017ce nauczycielk\u0105 i\u00a0terapeutk\u0105 jogi. Wsp\u00f3\u0142pracuj\u0119 przy licznych projektach muzycznych, tworz\u0105c oprawy graficzne, fotografie, animacje, wideo, czy\u00a0dokumentacje. Odby\u0142am studia&hellip; <\/p>\n","protected":false},"author":1,"featured_media":0,"parent":0,"menu_order":0,"comment_status":"closed","ping_status":"closed","template":"","meta":{"footnotes":""},"class_list":["post-61","page","type-page","status-publish","hentry"],"_links":{"self":[{"href":"https:\/\/zacisze.somnambuliczne.pl\/index.php\/wp-json\/wp\/v2\/pages\/61","targetHints":{"allow":["GET"]}}],"collection":[{"href":"https:\/\/zacisze.somnambuliczne.pl\/index.php\/wp-json\/wp\/v2\/pages"}],"about":[{"href":"https:\/\/zacisze.somnambuliczne.pl\/index.php\/wp-json\/wp\/v2\/types\/page"}],"author":[{"embeddable":true,"href":"https:\/\/zacisze.somnambuliczne.pl\/index.php\/wp-json\/wp\/v2\/users\/1"}],"replies":[{"embeddable":true,"href":"https:\/\/zacisze.somnambuliczne.pl\/index.php\/wp-json\/wp\/v2\/comments?post=61"}],"version-history":[{"count":5,"href":"https:\/\/zacisze.somnambuliczne.pl\/index.php\/wp-json\/wp\/v2\/pages\/61\/revisions"}],"predecessor-version":[{"id":110,"href":"https:\/\/zacisze.somnambuliczne.pl\/index.php\/wp-json\/wp\/v2\/pages\/61\/revisions\/110"}],"wp:attachment":[{"href":"https:\/\/zacisze.somnambuliczne.pl\/index.php\/wp-json\/wp\/v2\/media?parent=61"}],"curies":[{"name":"wp","href":"https:\/\/api.w.org\/{rel}","templated":true}]}}